{"id":1440,"date":"2020-03-26T09:23:44","date_gmt":"2020-03-26T09:23:44","guid":{"rendered":"http:\/\/praxis-klingenfuss.ch\/wordpress2\/?page_id=1440"},"modified":"2024-02-18T13:38:47","modified_gmt":"2024-02-18T13:38:47","slug":"datenschutz","status":"publish","type":"page","link":"https:\/\/www.praxis-klingenfuss.ch\/index.php\/datenschutz\/","title":{"rendered":"Datenschutz"},"content":{"rendered":"<div class=\"fusion-fullwidth fullwidth-box fusion-builder-row-1 nonhundred-percent-fullwidth non-hundred-percent-height-scrolling\" style=\"--awb-border-radius-top-left:0px;--awb-border-radius-top-right:0px;--awb-border-radius-bottom-right:0px;--awb-border-radius-bottom-left:0px;--awb-flex-wrap:wrap;\" ><div class=\"fusion-builder-row fusion-row\"><div class=\"fusion-layout-column fusion_builder_column fusion-builder-column-0 fusion_builder_column_1_1 1_1 fusion-one-full fusion-column-first fusion-column-last\" style=\"--awb-bg-size:cover;--awb-margin-bottom:0px;\"><div class=\"fusion-column-wrapper fusion-flex-column-wrapper-legacy\"><div class=\"fusion-text fusion-text-1\"><h4>Datenschutzerkl\u00e4rung<\/h4>\n<p>Die verantwortliche Person, welche Ihre Personendaten bearbeitet, ist<\/p>\n<p>Praxis Klingenfuss<br \/>Isabella Klingenfuss<br \/>8004 Z\u00fcrich<\/p>\n<p>info@praxis-klingenfuss.ch<br \/>www.praxis-klingenfuss.ch<\/p>\n<h4>Bearbeitungszweck<\/h4>\n<p>Die Erhebung und Bearbeitung Ihrer Personendaten dient in erster Linie der Kommunikation mit Ihnen. Dies beinhaltet auch Marketingzwecke und Beziehungspflege. Hierzu verwende ich insbesondere Kommunikationsdaten und Stammdaten. Ebenfalls kann ich Personendaten zur Erf\u00fcllung und Abwicklung des Behandlungsvertrages erheben und bearbeiten. Basierend auf Ihrer Nutzung meiner Website bearbeite ich Ihre Daten zu den Zwecken, die ich im Folgenden erl\u00e4utere.<\/p>\n<h5>Bereitstellung der Website und Erstellung von Logfiles<\/h5>\n<p>Beim Besuch meiner Website erfasse ich automatisch allgemeine technische Besuchsinformationen in sogenannten Log-Dateien. Dazu geh\u00f6rt z.B. die IP-Adresse des verwendeten Ger\u00e4ts, von welchem der Besuch aus erfolgt. Die Erhebung und Verarbeitung dieser Log-Dateien erfolgt zum Zweck, die Nutzung meiner Website zu erm\u00f6glichen (Verbindungsaufbau), die Sicherheit und Stabilit\u00e4t des Systems dauerhaft zu gew\u00e4hrleisten und zu erh\u00f6hen, die Optimierung meines Internetangebots zu erm\u00f6glichen sowie zu internen statistischen Zwecken.<\/p>\n<h5>Kontaktformular und E-Mail-Kontakt<\/h5>\n<p>Sie k\u00f6nnen sich mittels Kontaktformular oder E-Mail an mich wenden. Die dabei erfassten Daten bearbeiten ich, um Ihre Anfrage zu pr\u00fcfen und mit Ihnen in Kontakt zu treten und z.B. einen Termin zu vereinbaren.<\/p>\n<h4>Weitergabe<\/h4>\n<p>Ich behandle Ihre Personendaten vertraulich und geben diese nur an jene Dritte bekannt, welche in dieser Datenschutzerkl\u00e4rung aufgef\u00fchrt sind.<\/p>\n<p>F\u00fcr verschiedene administrative T\u00e4tigkeiten verwendet meine Praxis externe Dienstleister. Diese externen Dienstleister k\u00f6nnen aufgrund ihrer T\u00e4tigkeit Einsicht in Ihre Personendaten erhalten, wobei sie vertraglich dazu verpflichtet sind, Ihre Personendaten stets vertraulich zu behandeln. In diesem Zusammenhang k\u00f6nnen Ihre Personendaten insbesondere an folgende Empf\u00e4nger bekanntgegeben werden:<\/p>\n<ul>\n<li>Treuh\u00e4nder im Zusammenhang mit der F\u00fchrung der Buchhaltung und Erstellung und Versand der Rechnungen,<\/li>\n<li>Steuerberater, sofern dies f\u00fcr die Erstellung der Steuererkl\u00e4rung notwendig sein sollte,<\/li>\n<li>IT-Dienstleistungsunternehmen, welche die von mir verwendete Softwareprogramme und Dienstleistungen bereitstellen sowie die Verwaltung der Website vornehmen,<\/li>\n<li>Inkassounternehmen, falls ich meine Leistung auf dem Betreibungsweg geltend machen m\u00fcsste,<\/li>\n<li>Anwaltskanzleien, falls eine Streitigkeit aus dem Behandlungsvertrag resultiert.<\/li>\n<\/ul>\n<p>Dar\u00fcber hinaus gebe ich Ihre Personendaten an Krankenkassen und Versicherungen bekannt, insbesondere im Zusammenhang mit der Abrechnung der von mir erbrachten Leistungen. Auch kann ich Ihre Personendaten an \u00c4mter und Beh\u00f6rden, wie z.B. die kantonalen oder eidgen\u00f6ssischen Gesundheitsbeh\u00f6rden, bekannt geben, sofern dies im Zusammenhang mit der F\u00fchrung meiner Praxis und den erteilten Bewilligungen notwendig werden sollte.<\/p>\n<p>Auch kann ich Ihre Personendaten anderen Medizinal- und Gesundheitsfachpersonen (wie z.B. \u00c4rzte, Naturheilpraktiker, etc.) bekanntgeben, sofern dies im Zusammenhang mit der medizinischen Behandlung notwendig erscheint, z.B. um Zweitmeinungen oder erg\u00e4nzende Informationen einzuholen oder die Stellvertretung sicherzustellen. Sofern dies im Zusammenhang mit der medizinischen Behandlung notwendig erscheint, kann ich auch andere Medizinal- und Gesundheitsfachpersonen (z.B. Ihren Hausarzt) um Auskunft \u00fcber Ihre Krankengeschichte anfragen und geben in diesem Zusammenhang bekannt, dass Sie bei mir in Behandlung sind.<\/p>\n<p>Ihre Personendaten (wie z.B. Befunde, Therapievorschl\u00e4ge, etc.) d\u00fcrfen auch mit Ihren Angeh\u00f6rigen geteilt werden.<\/p>\n<h4>Kommunikation<\/h4>\n<p>Bei der Kommunikation mittels unverschl\u00fcsselter E-Mail besteht das Risiko, dass Daten verloren gehen, abgefangen oder manipuliert werden. Die Vertraulichkeit von Daten kann bei der \u00dcbertragung mittels unverschl\u00fcsselter E-Mail nicht gew\u00e4hrleistet werden. Dasselbe gilt f\u00fcr Messenger-Dienste. Ich kann die Vertraulichkeit der Kommunikation mittels unverschl\u00fcsselter E-Mail sowie Messenger-Diensten nicht garantieren. Sofern Sie mich mittels E-Mail, Messenger oder \u00e4hnlichen Diensten kontaktieren, verstehen ich dies als Einverst\u00e4ndnis zur Nutzung dieser Kommunikationskan\u00e4le. Auch behalte ich mir vor, Sie durch diese Kommunikationskan\u00e4le zu kontaktieren.<\/p>\n<h4>Verwendung von Cookies<\/h4>\n<p>Cookies sind kleine Informationseinheiten, mit deren Hilfe Ihr Browser eindeutig identifiziert werden kann und in denen weitere Informationen wie Benutzereinstellungen abgelegt werden k\u00f6nnen. Wenn Sie meine Website besuchen, werden Cookies automatisch auf Ihrem Endger\u00e4t gespeichert. Cookies helfen, Ihren Besuch auf der Website einfacher, angenehmer und sinnvoller zu gestalten. Ich verwende folgende Cookies:<\/p>\n<ul>\n<li>Technisch notwendige Cookies: Diese Cookies sind f\u00fcr das Funktionieren meiner Website zwingend erforderlich und kann in meinem Systemen nicht deaktiviert werden.<\/li>\n<li>Funktions-Cookies: Diese Cookies erm\u00f6glichen die Bereitstellung verbesserter Funktionen und die Personalisierung. Sie k\u00f6nnen von mir oder von Dritten, deren Dienste ich auf meiner Website nutze, gesetzt werden.<\/li>\n<li>Analyse-Cookies: Diese Cookies erm\u00f6glichen es mir, Besuche zu z\u00e4hlen und Zugriffsquellen zu identifizieren, um die Leistung meiner Website zu bestimmen und zu verbessern.<\/li>\n<\/ul>\n<p>Sie k\u00f6nnen Ihren Browser so einstellen, dass Cookies blockiert werden. Dies kann jedoch zur Folge haben, dass einige Bereiche der Website nicht funktionieren.<\/p>\n<h4>Kontakt<\/h4>\n<p>Bei Fragen zur Bearbeitung Ihrer Personendaten oder zur Aus\u00fcbung Ihrer datenschutzrechtlichen Rechte k\u00f6nnen Sie mich unter info@praxis-klingefuss.ch kontaktieren.<\/p>\n<h4>Aktualit\u00e4t und \u00c4nderungen<\/h4>\n<p>Ich behalte mir das Recht vor, diese Datenschutzerkl\u00e4rung jederzeit ohne Vorank\u00fcndigung zu aktualisieren und anzupassen. Es gilt die jeweils aktuelle, auf meiner Website publizierte Version.<\/p>\n<p>Mit der Nutzung meiner Website erkl\u00e4ren Sie sich mit diesen Bedingungen und der entsprechenden Bearbeitung ihrer Personendaten einverstanden.<\/p>\n<p>Datenschutzerkl\u00e4rung-Version vom 17.2.2024.<\/p>\n<\/div><div class=\"fusion-clearfix\"><\/div><\/div><\/div><\/div><\/div>\n","protected":false},"excerpt":{"rendered":"","protected":false},"author":1,"featured_media":0,"parent":0,"menu_order":0,"comment_status":"closed","ping_status":"closed","template":"","meta":{"footnotes":""},"class_list":["post-1440","page","type-page","status-publish","hentry"],"_links":{"self":[{"href":"https:\/\/www.praxis-klingenfuss.ch\/index.php\/wp-json\/wp\/v2\/pages\/1440","targetHints":{"allow":["GET"]}}],"collection":[{"href":"https:\/\/www.praxis-klingenfuss.ch\/index.php\/wp-json\/wp\/v2\/pages"}],"about":[{"href":"https:\/\/www.praxis-klingenfuss.ch\/index.php\/wp-json\/wp\/v2\/types\/page"}],"author":[{"embeddable":true,"href":"https:\/\/www.praxis-klingenfuss.ch\/index.php\/wp-json\/wp\/v2\/users\/1"}],"replies":[{"embeddable":true,"href":"https:\/\/www.praxis-klingenfuss.ch\/index.php\/wp-json\/wp\/v2\/comments?post=1440"}],"version-history":[{"count":19,"href":"https:\/\/www.praxis-klingenfuss.ch\/index.php\/wp-json\/wp\/v2\/pages\/1440\/revisions"}],"predecessor-version":[{"id":1501,"href":"https:\/\/www.praxis-klingenfuss.ch\/index.php\/wp-json\/wp\/v2\/pages\/1440\/revisions\/1501"}],"wp:attachment":[{"href":"https:\/\/www.praxis-klingenfuss.ch\/index.php\/wp-json\/wp\/v2\/media?parent=1440"}],"curies":[{"name":"wp","href":"https:\/\/api.w.org\/{rel}","templated":true}]}}